{"id":2358,"date":"2023-02-17T19:06:51","date_gmt":"2023-02-17T19:06:51","guid":{"rendered":"https:\/\/gossip-themes.com\/sasspark\/?page_id=1432"},"modified":"2024-01-29T14:14:29","modified_gmt":"2024-01-29T14:14:29","slug":"kontakt","status":"publish","type":"page","link":"https:\/\/sync-tech.de\/en\/kontakt\/","title":{"rendered":"Contact"},"content":{"rendered":"\t\t<div data-elementor-type=\"wp-page\" data-elementor-id=\"2358\" class=\"elementor elementor-2358\">\n\t\t\t\t\t\t<section class=\"elementor-section elementor-top-section elementor-element elementor-element-5d4b246 elementor-section-stretched elementor-section-boxed elementor-section-height-default elementor-section-height-default\" data-id=\"5d4b246\" data-element_type=\"section\" data-settings=\"{&quot;stretch_section&quot;:&quot;section-stretched&quot;}\">\n\t\t\t\t\t\t<div class=\"elementor-container elementor-column-gap-default\">\n\t\t\t\t\t<div class=\"elementor-column elementor-col-100 elementor-top-column elementor-element elementor-element-f24605c\" data-id=\"f24605c\" data-element_type=\"column\">\n\t\t\t<div class=\"elementor-widget-wrap elementor-element-populated\">\n\t\t\t\t\t\t<div class=\"elementor-element elementor-element-1a1e676 elementor-widget elementor-widget-heading\" data-id=\"1a1e676\" data-element_type=\"widget\" data-widget_type=\"heading.default\">\n\t\t\t\t<div class=\"elementor-widget-container\">\n\t\t\t<style>\/*! elementor - v3.19.0 - 05-02-2024 *\/\n.elementor-heading-title{padding:0;margin:0;line-height:1}.elementor-widget-heading .elementor-heading-title[class*=elementor-size-]>a{color:inherit;font-size:inherit;line-height:inherit}.elementor-widget-heading .elementor-heading-title.elementor-size-small{font-size:15px}.elementor-widget-heading .elementor-heading-title.elementor-size-medium{font-size:19px}.elementor-widget-heading .elementor-heading-title.elementor-size-large{font-size:29px}.elementor-widget-heading .elementor-heading-title.elementor-size-xl{font-size:39px}.elementor-widget-heading .elementor-heading-title.elementor-size-xxl{font-size:59px}<\/style><h2 class=\"elementor-heading-title elementor-size-default\">Lassen Sie uns reden<\/h2>\t\t<\/div>\n\t\t\t\t<\/div>\n\t\t\t\t\t<\/div>\n\t\t<\/div>\n\t\t\t\t\t<\/div>\n\t\t<\/section>\n\t\t<div class=\"elementor-element elementor-element-58d98d9 e-flex e-con-boxed e-con e-parent\" data-id=\"58d98d9\" data-element_type=\"container\" data-settings=\"{&quot;content_width&quot;:&quot;boxed&quot;}\" data-core-v316-plus=\"true\">\n\t\t\t\t\t<div class=\"e-con-inner\">\n\t\t<div class=\"elementor-element elementor-element-c177a95 e-con-full e-flex e-con e-child\" data-id=\"c177a95\" data-element_type=\"container\" data-settings=\"{&quot;content_width&quot;:&quot;full&quot;}\">\n\t\t\t\t<div class=\"elementor-element elementor-element-628b45f elementor-widget elementor-widget-text-editor\" data-id=\"628b45f\" data-element_type=\"widget\" data-widget_type=\"text-editor.default\">\n\t\t\t\t<div class=\"elementor-widget-container\">\n\t\t\t<style>\/*! elementor - v3.19.0 - 05-02-2024 *\/\n.elementor-widget-text-editor.elementor-drop-cap-view-stacked .elementor-drop-cap{background-color:#69727d;color:#fff}.elementor-widget-text-editor.elementor-drop-cap-view-framed .elementor-drop-cap{color:#69727d;border:3px solid;background-color:transparent}.elementor-widget-text-editor:not(.elementor-drop-cap-view-default) .elementor-drop-cap{margin-top:8px}.elementor-widget-text-editor:not(.elementor-drop-cap-view-default) .elementor-drop-cap-letter{width:1em;height:1em}.elementor-widget-text-editor .elementor-drop-cap{float:left;text-align:center;line-height:1;font-size:50px}.elementor-widget-text-editor .elementor-drop-cap-letter{display:inline-block}<\/style>\t\t\t\t<p style=\"text-align: center;\"><span style=\"color: #3c434a; font-family: -apple-system, BlinkMacSystemFont, 'Segoe UI', Roboto, Oxygen-Sans, Ubuntu, Cantarell, 'Helvetica Neue', sans-serif; font-size: 13px; text-align: start;\"><div class=\"salesforce_w2l_lead sf_two_column\"><form id=\"sf_form_salesforce_w2l_lead_6\" class=\"w2llead top-aligned\" method=\"post\" action=\"#sf_form_salesforce_w2l_lead_6\"><div class=\"sf_field sf_field_first_name sf_type_text\">\t<label class=\"w2llabel required  text\" for=\"sf_first_name\">Vorname: <sup><span class=\"required\">*<\/span><\/sup><\/label>\t<input type=\"text\" placeholder=\"\" value=\"\" id=\"sf_first_name\" class=\"w2linput text\" name=\"first_name\"  \/><div class=\"clearfix\"><\/div><\/div><div class=\"sf_field sf_field_last_name sf_type_text\">\t<label class=\"w2llabel required  text\" for=\"sf_last_name\">Nachname: <sup><span class=\"required\">*<\/span><\/sup><\/label>\t<input type=\"text\" placeholder=\"\" value=\"\" id=\"sf_last_name\" class=\"w2linput text\" name=\"last_name\"  \/><div class=\"clearfix\"><\/div><\/div><div class=\"sf_field sf_field_email sf_type_text\">\t<label class=\"w2llabel required  text\" for=\"sf_email\">E-Mail: <sup><span class=\"required\">*<\/span><\/sup><\/label>\t<input type=\"text\" placeholder=\"\" value=\"\" id=\"sf_email\" class=\"w2linput text\" name=\"email\"  \/><div class=\"clearfix\"><\/div><\/div><div class=\"sf_field sf_field_phone sf_type_text\">\t<label class=\"w2llabel required  text\" for=\"sf_phone\">Telefon: <sup><span class=\"required\">*<\/span><\/sup><\/label>\t<input type=\"text\" placeholder=\"\" value=\"\" id=\"sf_phone\" class=\"w2linput text\" name=\"phone\"  \/><div class=\"clearfix\"><\/div><\/div><div class=\"sf_field sf_field_company sf_type_text\">\t<label class=\"w2llabel required  text\" for=\"sf_company\">Firma: <sup><span class=\"required\">*<\/span><\/sup><\/label>\t<input type=\"text\" placeholder=\"\" value=\"\" id=\"sf_company\" class=\"w2linput text\" name=\"company\"  \/><div class=\"clearfix\"><\/div><\/div><div class=\"sf_field sf_field_description sf_type_textarea\">\t<label class=\"w2llabel required  textarea\" for=\"sf_description\">Beschreibung: <sup><span class=\"required\">*<\/span><\/sup><\/label>\t\t<textarea id=\"sf_description\" class=\"w2linput textarea\" name=\"description\" placeholder=\"\"><\/textarea><div class=\"clearfix\"><\/div><\/div><div class=\"sf_field sf_field_Einverst\u00e4ndniserkl\u00e4rung__c sf_type_checkbox\">\t\t<input type=\"checkbox\" id=\"sf_Einverst\u00e4ndniserkl\u00e4rung__c\" class=\"w2linput checkbox\" name=\"Einverst\u00e4ndniserkl\u00e4rung__c\" value=\"1\"  \/>\t<label class=\"w2llabel required  checkbox w2llabel-checkbox-label\" for=\"sf_Einverst\u00e4ndniserkl\u00e4rung__c\">Ich erteile meine Einwilligung, per E-Mail sowie telefonisch kontaktiert zu werden. <sup><span class=\"required\">*<\/span><\/sup><\/label><div class=\"clearfix\"><\/div><\/div>\t\t<input type=\"hidden\" id=\"sf_strecke__c\" class=\"w2linput hidden\" name=\"strecke__c\" value=\"\" \/>\t<input type=\"text\" name=\"message\" class=\"w2linput\" value=\"\" style=\"display: none;\" \/>\t<input type=\"hidden\" name=\"form_id\" class=\"w2linput\" value=\"6\" \/>\t<div class=\"w2lsubmit\"><input type=\"submit\" name=\"w2lsubmit\" class=\"w2linput submit\" value=\"Senden\" \/><\/div><\/form><p class=\"sf_required_fields_msg\" id=\"requiredfieldsmsg\"><sup><span class=\"required\">*<\/span><\/sup> Diese Felder sind erforderlich.<\/p><\/div><\/span><\/p>\t\t\t\t\t\t<\/div>\n\t\t\t\t<\/div>\n\t\t\t\t<\/div>\n\t\t\t\t\t<\/div>\n\t\t\t\t<\/div>\n\t\t\t\t<section class=\"elementor-section elementor-top-section elementor-element elementor-element-5720365 elementor-section-stretched elementor-section-boxed elementor-section-height-default elementor-section-height-default\" data-id=\"5720365\" data-element_type=\"section\" data-settings=\"{&quot;stretch_section&quot;:&quot;section-stretched&quot;}\">\n\t\t\t\t\t\t<div class=\"elementor-container elementor-column-gap-default\">\n\t\t\t\t\t<div class=\"elementor-column elementor-col-100 elementor-top-column elementor-element elementor-element-4f7a068\" data-id=\"4f7a068\" data-element_type=\"column\">\n\t\t\t<div class=\"elementor-widget-wrap elementor-element-populated\">\n\t\t\t\t\t\t<div class=\"elementor-element elementor-element-b5ae335 elementor-widget elementor-widget-heading\" data-id=\"b5ae335\" data-element_type=\"widget\" data-widget_type=\"heading.default\">\n\t\t\t\t<div class=\"elementor-widget-container\">\n\t\t\t<h2 class=\"elementor-heading-title elementor-size-default\">Unser B\u00fcro<\/h2>\t\t<\/div>\n\t\t\t\t<\/div>\n\t\t\t\t\t<\/div>\n\t\t<\/div>\n\t\t\t\t\t<\/div>\n\t\t<\/section>\n\t\t<div class=\"elementor-element elementor-element-437216c e-flex e-con-boxed e-con e-parent\" data-id=\"437216c\" data-element_type=\"container\" data-settings=\"{&quot;content_width&quot;:&quot;boxed&quot;}\" data-core-v316-plus=\"true\">\n\t\t\t\t\t<div class=\"e-con-inner\">\n\t\t<div class=\"elementor-element elementor-element-4fdc8c1 e-con-full e-flex e-con e-child\" data-id=\"4fdc8c1\" data-element_type=\"container\" data-settings=\"{&quot;content_width&quot;:&quot;full&quot;}\">\n\t\t<div class=\"elementor-element elementor-element-cd9a70f address-box-custom e-con-full e-flex elementor-invisible e-con e-child\" data-id=\"cd9a70f\" data-element_type=\"container\" data-settings=\"{&quot;animation&quot;:&quot;themeFadeInUp&quot;,&quot;content_width&quot;:&quot;full&quot;}\">\n\t\t\t\t<div class=\"elementor-element elementor-element-be9c92e elementor-widget elementor-widget-image\" data-id=\"be9c92e\" data-element_type=\"widget\" data-widget_type=\"image.default\">\n\t\t\t\t<div class=\"elementor-widget-container\">\n\t\t\t<style>\/*! elementor - v3.19.0 - 05-02-2024 *\/\n.elementor-widget-image{text-align:center}.elementor-widget-image a{display:inline-block}.elementor-widget-image a img[src$=\".svg\"]{width:48px}.elementor-widget-image img{vertical-align:middle;display:inline-block}<\/style>\t\t\t\t\t\t\t\t\t\t<img fetchpriority=\"high\" decoding=\"async\" width=\"640\" height=\"360\" src=\"https:\/\/sync-tech.de\/wp-content\/uploads\/2023\/10\/empty-meeting-room-in-office_2-1024x576.jpg\" class=\"attachment-large size-large wp-image-4454\" alt=\"\" srcset=\"https:\/\/sync-tech.de\/wp-content\/uploads\/2023\/10\/empty-meeting-room-in-office_2-1024x576.jpg 1024w, https:\/\/sync-tech.de\/wp-content\/uploads\/2023\/10\/empty-meeting-room-in-office_2-300x169.jpg 300w, https:\/\/sync-tech.de\/wp-content\/uploads\/2023\/10\/empty-meeting-room-in-office_2-768x432.jpg 768w, https:\/\/sync-tech.de\/wp-content\/uploads\/2023\/10\/empty-meeting-room-in-office_2-1536x864.jpg 1536w, https:\/\/sync-tech.de\/wp-content\/uploads\/2023\/10\/empty-meeting-room-in-office_2-18x10.jpg 18w, https:\/\/sync-tech.de\/wp-content\/uploads\/2023\/10\/empty-meeting-room-in-office_2.jpg 2000w\" sizes=\"(max-width: 640px) 100vw, 640px\" \/>\t\t\t\t\t\t\t\t\t\t\t\t\t<\/div>\n\t\t\t\t<\/div>\n\t\t\t\t<\/div>\n\t\t\t\t<\/div>\n\t\t<div class=\"elementor-element elementor-element-5b8bcaa e-con-full e-flex e-con e-child\" data-id=\"5b8bcaa\" data-element_type=\"container\" data-settings=\"{&quot;content_width&quot;:&quot;full&quot;}\">\n\t\t\t\t<div class=\"elementor-element elementor-element-87e9e11 elementor-widget elementor-widget-heading\" data-id=\"87e9e11\" data-element_type=\"widget\" data-widget_type=\"heading.default\">\n\t\t\t\t<div class=\"elementor-widget-container\">\n\t\t\t<h2 class=\"elementor-heading-title elementor-size-default\">M\u00fcnchen<\/h2>\t\t<\/div>\n\t\t\t\t<\/div>\n\t\t\t\t<div class=\"elementor-element elementor-element-9b73a7a elementor-widget elementor-widget-text-editor\" data-id=\"9b73a7a\" data-element_type=\"widget\" data-widget_type=\"text-editor.default\">\n\t\t\t\t<div class=\"elementor-widget-container\">\n\t\t\t\t\t\t\t<p>Albert-Ro\u00dfhaupter-Str. 32<br \/>81369 M\u00fcnchen<\/p>\t\t\t\t\t\t<\/div>\n\t\t\t\t<\/div>\n\t\t\t\t<\/div>\n\t\t\t\t\t<\/div>\n\t\t\t\t<\/div>\n\t\t<div class=\"elementor-element elementor-element-c1f3c9a e-flex e-con-boxed e-con e-parent\" data-id=\"c1f3c9a\" data-element_type=\"container\" data-settings=\"{&quot;background_background&quot;:&quot;classic&quot;,&quot;content_width&quot;:&quot;boxed&quot;}\" data-core-v316-plus=\"true\">\n\t\t\t\t\t<div class=\"e-con-inner\">\n\t\t<div class=\"elementor-element elementor-element-5a17468 address-box-custom e-con-full e-flex elementor-invisible e-con e-child\" data-id=\"5a17468\" data-element_type=\"container\" data-settings=\"{&quot;animation&quot;:&quot;themeFadeInUp&quot;,&quot;content_width&quot;:&quot;full&quot;}\">\n\t\t\t\t<div class=\"elementor-element elementor-element-b304473 elementor-widget elementor-widget-text-editor\" data-id=\"b304473\" data-element_type=\"widget\" data-widget_type=\"text-editor.default\">\n\t\t\t\t<div class=\"elementor-widget-container\">\n\t\t\t\t\t\t\t\t\t\t\t\t\t<\/div>\n\t\t\t\t<\/div>\n\t\t\t\t<\/div>\n\t\t<div class=\"elementor-element elementor-element-4f6ee48 address-box-custom e-con-full e-flex elementor-invisible e-con e-child\" data-id=\"4f6ee48\" data-element_type=\"container\" data-settings=\"{&quot;animation&quot;:&quot;themeFadeInUp&quot;,&quot;content_width&quot;:&quot;full&quot;}\">\n\t\t\t\t<div class=\"elementor-element elementor-element-32baf5b elementor-widget elementor-widget-text-editor\" data-id=\"32baf5b\" data-element_type=\"widget\" data-widget_type=\"text-editor.default\">\n\t\t\t\t<div class=\"elementor-widget-container\">\n\t\t\t\t\t\t\t\t\t\t\t\t\t<\/div>\n\t\t\t\t<\/div>\n\t\t\t\t<\/div>\n\t\t\t\t\t<\/div>\n\t\t\t\t<\/div>\n\t\t\t\t<section class=\"elementor-section elementor-top-section elementor-element elementor-element-3c37022 elementor-section-full_width elementor-section-stretched elementor-section-height-default elementor-section-height-default\" data-id=\"3c37022\" data-element_type=\"section\" data-settings=\"{&quot;stretch_section&quot;:&quot;section-stretched&quot;}\">\n\t\t\t\t\t\t<div class=\"elementor-container elementor-column-gap-no\">\n\t\t\t\t\t<div class=\"elementor-column elementor-col-100 elementor-top-column elementor-element elementor-element-c5b08cf\" data-id=\"c5b08cf\" data-element_type=\"column\">\n\t\t\t<div class=\"elementor-widget-wrap elementor-element-populated\">\n\t\t\t\t\t\t<div class=\"elementor-element elementor-element-c0ad0fe elementor-widget elementor-widget-google_maps\" data-id=\"c0ad0fe\" data-element_type=\"widget\" data-widget_type=\"google_maps.default\">\n\t\t\t\t<div class=\"elementor-widget-container\">\n\t\t\t<style>\/*! elementor - v3.19.0 - 05-02-2024 *\/\n.elementor-widget-google_maps .elementor-widget-container{overflow:hidden}.elementor-widget-google_maps .elementor-custom-embed{line-height:0}.elementor-widget-google_maps iframe{height:300px}<\/style>\t\t<div class=\"elementor-custom-embed\">\n\t\t\t<iframe loading=\"lazy\"\n\t\t\t\t\tsrc=\"https:\/\/maps.google.com\/maps?q=Albert-Ro%C3%9Fhaupter-Str.%2032%20%2081369%20M%C3%BCnchen%20Germany&#038;t=m&#038;z=10&#038;output=embed&#038;iwloc=near\"\n\t\t\t\t\ttitle=\"Albert-Ro\u00dfhaupter-Str. 32  81369 M\u00fcnchen Germany\"\n\t\t\t\t\taria-label=\"Albert-Ro\u00dfhaupter-Str. 32  81369 M\u00fcnchen Germany\"\n\t\t\t><\/iframe>\n\t\t<\/div>\n\t\t\t\t<\/div>\n\t\t\t\t<\/div>\n\t\t\t\t<div class=\"elementor-element elementor-element-fe4c438 elementor-widget elementor-widget-spacer\" data-id=\"fe4c438\" data-element_type=\"widget\" data-widget_type=\"spacer.default\">\n\t\t\t\t<div class=\"elementor-widget-container\">\n\t\t\t<style>\/*! elementor - v3.19.0 - 05-02-2024 *\/\n.elementor-column .elementor-spacer-inner{height:var(--spacer-size)}.e-con{--container-widget-width:100%}.e-con-inner>.elementor-widget-spacer,.e-con>.elementor-widget-spacer{width:var(--container-widget-width,var(--spacer-size));--align-self:var(--container-widget-align-self,initial);--flex-shrink:0}.e-con-inner>.elementor-widget-spacer>.elementor-widget-container,.e-con>.elementor-widget-spacer>.elementor-widget-container{height:100%;width:100%}.e-con-inner>.elementor-widget-spacer>.elementor-widget-container>.elementor-spacer,.e-con>.elementor-widget-spacer>.elementor-widget-container>.elementor-spacer{height:100%}.e-con-inner>.elementor-widget-spacer>.elementor-widget-container>.elementor-spacer>.elementor-spacer-inner,.e-con>.elementor-widget-spacer>.elementor-widget-container>.elementor-spacer>.elementor-spacer-inner{height:var(--container-widget-height,var(--spacer-size))}.e-con-inner>.elementor-widget-spacer.elementor-widget-empty,.e-con>.elementor-widget-spacer.elementor-widget-empty{position:relative;min-height:22px;min-width:22px}.e-con-inner>.elementor-widget-spacer.elementor-widget-empty .elementor-widget-empty-icon,.e-con>.elementor-widget-spacer.elementor-widget-empty .elementor-widget-empty-icon{position:absolute;top:0;bottom:0;left:0;right:0;margin:auto;padding:0;width:22px;height:22px}<\/style>\t\t<div class=\"elementor-spacer\">\n\t\t\t<div class=\"elementor-spacer-inner\"><\/div>\n\t\t<\/div>\n\t\t\t\t<\/div>\n\t\t\t\t<\/div>\n\t\t\t\t\t<\/div>\n\t\t<\/div>\n\t\t\t\t\t<\/div>\n\t\t<\/section>\n\t\t\t\t<\/div>\n\t\t","protected":false},"excerpt":{"rendered":"<p>Lassen Sie uns reden Unser B\u00fcro M\u00fcnchen Albert-Ro\u00dfhaupter-Str. 3281369 M\u00fcnchen<\/p>","protected":false},"author":1,"featured_media":0,"parent":0,"menu_order":0,"comment_status":"closed","ping_status":"closed","template":"","meta":{"footnotes":""},"class_list":["post-2358","page","type-page","status-publish","hentry"],"_links":{"self":[{"href":"https:\/\/sync-tech.de\/en\/wp-json\/wp\/v2\/pages\/2358","targetHints":{"allow":["GET"]}}],"collection":[{"href":"https:\/\/sync-tech.de\/en\/wp-json\/wp\/v2\/pages"}],"about":[{"href":"https:\/\/sync-tech.de\/en\/wp-json\/wp\/v2\/types\/page"}],"author":[{"embeddable":true,"href":"https:\/\/sync-tech.de\/en\/wp-json\/wp\/v2\/users\/1"}],"replies":[{"embeddable":true,"href":"https:\/\/sync-tech.de\/en\/wp-json\/wp\/v2\/comments?post=2358"}],"version-history":[{"count":57,"href":"https:\/\/sync-tech.de\/en\/wp-json\/wp\/v2\/pages\/2358\/revisions"}],"predecessor-version":[{"id":5280,"href":"https:\/\/sync-tech.de\/en\/wp-json\/wp\/v2\/pages\/2358\/revisions\/5280"}],"wp:attachment":[{"href":"https:\/\/sync-tech.de\/en\/wp-json\/wp\/v2\/media?parent=2358"}],"curies":[{"name":"wp","href":"https:\/\/api.w.org\/{rel}","templated":true}]}}