{"id":3280,"date":"2023-09-29T04:14:20","date_gmt":"2023-09-29T04:14:20","guid":{"rendered":"https:\/\/syncts.de\/?page_id=3280"},"modified":"2024-01-12T18:11:54","modified_gmt":"2024-01-12T18:11:54","slug":"beratung","status":"publish","type":"page","link":"https:\/\/sync-tech.de\/en\/beratung\/","title":{"rendered":"Consulting"},"content":{"rendered":"\t\t<div data-elementor-type=\"wp-page\" data-elementor-id=\"3280\" class=\"elementor elementor-3280\">\n\t\t\t\t<div class=\"elementor-element elementor-element-820746c e-flex e-con-boxed e-con e-parent\" data-id=\"820746c\" data-element_type=\"container\" data-settings=\"{&quot;content_width&quot;:&quot;boxed&quot;}\" data-core-v316-plus=\"true\">\n\t\t\t\t\t<div class=\"e-con-inner\">\n\t\t<div class=\"elementor-element elementor-element-93a8e63 e-flex e-con-boxed e-con e-child\" data-id=\"93a8e63\" data-element_type=\"container\" data-settings=\"{&quot;content_width&quot;:&quot;boxed&quot;}\">\n\t\t\t\t\t<div class=\"e-con-inner\">\n\t\t\t\t<div class=\"elementor-element elementor-element-2401737 elementor-widget elementor-widget-image\" data-id=\"2401737\" data-element_type=\"widget\" data-widget_type=\"image.default\">\n\t\t\t\t<div class=\"elementor-widget-container\">\n\t\t\t<style>\/*! elementor - v3.19.0 - 05-02-2024 *\/\n.elementor-widget-image{text-align:center}.elementor-widget-image a{display:inline-block}.elementor-widget-image a img[src$=\".svg\"]{width:48px}.elementor-widget-image img{vertical-align:middle;display:inline-block}<\/style>\t\t\t\t\t\t\t\t\t\t<img fetchpriority=\"high\" decoding=\"async\" width=\"640\" height=\"427\" src=\"https:\/\/sync-tech.de\/wp-content\/uploads\/2023\/10\/staff-asking-their-manager-questions-during-an-off_2-1024x683.jpg\" class=\"attachment-large size-large wp-image-4458\" alt=\"\" srcset=\"https:\/\/sync-tech.de\/wp-content\/uploads\/2023\/10\/staff-asking-their-manager-questions-during-an-off_2-1024x683.jpg 1024w, https:\/\/sync-tech.de\/wp-content\/uploads\/2023\/10\/staff-asking-their-manager-questions-during-an-off_2-300x200.jpg 300w, https:\/\/sync-tech.de\/wp-content\/uploads\/2023\/10\/staff-asking-their-manager-questions-during-an-off_2-768x512.jpg 768w, https:\/\/sync-tech.de\/wp-content\/uploads\/2023\/10\/staff-asking-their-manager-questions-during-an-off_2-1536x1024.jpg 1536w, https:\/\/sync-tech.de\/wp-content\/uploads\/2023\/10\/staff-asking-their-manager-questions-during-an-off_2-2048x1365.jpg 2048w, https:\/\/sync-tech.de\/wp-content\/uploads\/2023\/10\/staff-asking-their-manager-questions-during-an-off_2-18x12.jpg 18w\" sizes=\"(max-width: 640px) 100vw, 640px\" \/>\t\t\t\t\t\t\t\t\t\t\t\t\t<\/div>\n\t\t\t\t<\/div>\n\t\t\t\t\t<\/div>\n\t\t\t\t<\/div>\n\t\t\t\t<div class=\"elementor-element elementor-element-642a68d elementor-widget elementor-widget-spacer\" data-id=\"642a68d\" data-element_type=\"widget\" data-widget_type=\"spacer.default\">\n\t\t\t\t<div class=\"elementor-widget-container\">\n\t\t\t<style>\/*! elementor - v3.19.0 - 05-02-2024 *\/\n.elementor-column .elementor-spacer-inner{height:var(--spacer-size)}.e-con{--container-widget-width:100%}.e-con-inner>.elementor-widget-spacer,.e-con>.elementor-widget-spacer{width:var(--container-widget-width,var(--spacer-size));--align-self:var(--container-widget-align-self,initial);--flex-shrink:0}.e-con-inner>.elementor-widget-spacer>.elementor-widget-container,.e-con>.elementor-widget-spacer>.elementor-widget-container{height:100%;width:100%}.e-con-inner>.elementor-widget-spacer>.elementor-widget-container>.elementor-spacer,.e-con>.elementor-widget-spacer>.elementor-widget-container>.elementor-spacer{height:100%}.e-con-inner>.elementor-widget-spacer>.elementor-widget-container>.elementor-spacer>.elementor-spacer-inner,.e-con>.elementor-widget-spacer>.elementor-widget-container>.elementor-spacer>.elementor-spacer-inner{height:var(--container-widget-height,var(--spacer-size))}.e-con-inner>.elementor-widget-spacer.elementor-widget-empty,.e-con>.elementor-widget-spacer.elementor-widget-empty{position:relative;min-height:22px;min-width:22px}.e-con-inner>.elementor-widget-spacer.elementor-widget-empty .elementor-widget-empty-icon,.e-con>.elementor-widget-spacer.elementor-widget-empty .elementor-widget-empty-icon{position:absolute;top:0;bottom:0;left:0;right:0;margin:auto;padding:0;width:22px;height:22px}<\/style>\t\t<div class=\"elementor-spacer\">\n\t\t\t<div class=\"elementor-spacer-inner\"><\/div>\n\t\t<\/div>\n\t\t\t\t<\/div>\n\t\t\t\t<\/div>\n\t\t\t\t<div class=\"elementor-element elementor-element-14fa003 elementor-widget elementor-widget-heading\" data-id=\"14fa003\" data-element_type=\"widget\" data-widget_type=\"heading.default\">\n\t\t\t\t<div class=\"elementor-widget-container\">\n\t\t\t<style>\/*! elementor - v3.19.0 - 05-02-2024 *\/\n.elementor-heading-title{padding:0;margin:0;line-height:1}.elementor-widget-heading .elementor-heading-title[class*=elementor-size-]>a{color:inherit;font-size:inherit;line-height:inherit}.elementor-widget-heading .elementor-heading-title.elementor-size-small{font-size:15px}.elementor-widget-heading .elementor-heading-title.elementor-size-medium{font-size:19px}.elementor-widget-heading .elementor-heading-title.elementor-size-large{font-size:29px}.elementor-widget-heading .elementor-heading-title.elementor-size-xl{font-size:39px}.elementor-widget-heading .elementor-heading-title.elementor-size-xxl{font-size:59px}<\/style><h2 class=\"elementor-heading-title elementor-size-default\">Beratung und strategische Planung<\/h2>\t\t<\/div>\n\t\t\t\t<\/div>\n\t\t\t\t<div class=\"elementor-element elementor-element-bdf6e4c elementor-widget elementor-widget-text-editor\" data-id=\"bdf6e4c\" data-element_type=\"widget\" data-widget_type=\"text-editor.default\">\n\t\t\t\t<div class=\"elementor-widget-container\">\n\t\t\t<style>\/*! elementor - v3.19.0 - 05-02-2024 *\/\n.elementor-widget-text-editor.elementor-drop-cap-view-stacked .elementor-drop-cap{background-color:#69727d;color:#fff}.elementor-widget-text-editor.elementor-drop-cap-view-framed .elementor-drop-cap{color:#69727d;border:3px solid;background-color:transparent}.elementor-widget-text-editor:not(.elementor-drop-cap-view-default) .elementor-drop-cap{margin-top:8px}.elementor-widget-text-editor:not(.elementor-drop-cap-view-default) .elementor-drop-cap-letter{width:1em;height:1em}.elementor-widget-text-editor .elementor-drop-cap{float:left;text-align:center;line-height:1;font-size:50px}.elementor-widget-text-editor .elementor-drop-cap-letter{display:inline-block}<\/style>\t\t\t\t<p>Heutzutage erleben wir rasante Ver\u00e4nderungen in unserer Gesch\u00e4ftswelt. Wir haben aber auch vielf\u00e4ltige M\u00f6glichkeiten, uns diesen Ver\u00e4nderungen zu stellen und sie zu unserem Vorteil zu nutzen. Die Salesforce-Plattform spielt hier als flexibles und leistungsf\u00e4higes Werkzeug eine entscheidende Rolle.<\/p><p>Wir beraten unsere Mandanten regelm\u00e4\u00dfig zu folgenden Herausforderungen:<\/p><ul><li>Implementierung klarer Steuerungsprozesse f\u00fcr Vertrieb und Marketing.<\/li><li>Analyse und Verbesserung bestehender Prozesse in Vertrieb und Marketing.<\/li><li>Analyse und Optimierung Ihrer Systemlandschaft.<\/li><li>Steigerung der Nutzerakzeptanz.<\/li><li>Verbesserung der Kommunikation innerhalb des Teams und mit Kunden und Partnern.<\/li><\/ul><p>Unsere Aufgabe ist es, gemeinsam mit Ihnen Strategien zur Bew\u00e4ltigung dieser Herausforderungen zu entwickeln. Wir freuen uns darauf, gemeinsam mit Ihnen an einem Projekt zu arbeiten. Sprechen Sie uns gerne an!<\/p>\t\t\t\t\t\t<\/div>\n\t\t\t\t<\/div>\n\t\t\t\t<div class=\"elementor-element elementor-element-eb17d11 elementor-widget elementor-widget-button\" data-id=\"eb17d11\" data-element_type=\"widget\" data-widget_type=\"button.default\">\n\t\t\t\t<div class=\"elementor-widget-container\">\n\t\t\t\t\t<div class=\"elementor-button-wrapper\">\n\t\t\t<a class=\"elementor-button elementor-button-link elementor-size-sm\" href=\"https:\/\/sync-tech.de\/kontakt\/\">\n\t\t\t\t\t\t<span class=\"elementor-button-content-wrapper\">\n\t\t\t\t\t\t<span class=\"elementor-button-text\">Jetzt loslegen<\/span>\n\t\t<\/span>\n\t\t\t\t\t<\/a>\n\t\t<\/div>\n\t\t\t\t<\/div>\n\t\t\t\t<\/div>\n\t\t\t\t\t<\/div>\n\t\t\t\t<\/div>\n\t\t\t\t<\/div>\n\t\t","protected":false},"excerpt":{"rendered":"<p>Beratung und strategische Planung Heutzutage erleben wir rasante Ver\u00e4nderungen in unserer Gesch\u00e4ftswelt. Wir haben aber auch vielf\u00e4ltige M\u00f6glichkeiten, uns diesen Ver\u00e4nderungen zu stellen und sie zu unserem Vorteil zu nutzen. Die Salesforce-Plattform spielt hier als flexibles und leistungsf\u00e4higes Werkzeug eine entscheidende Rolle. Wir beraten unsere Mandanten regelm\u00e4\u00dfig zu folgenden Herausforderungen: Implementierung klarer Steuerungsprozesse f\u00fcr Vertrieb [&hellip;]<\/p>\n","protected":false},"author":1,"featured_media":0,"parent":0,"menu_order":0,"comment_status":"closed","ping_status":"closed","template":"","meta":{"footnotes":""},"class_list":["post-3280","page","type-page","status-publish","hentry"],"_links":{"self":[{"href":"https:\/\/sync-tech.de\/en\/wp-json\/wp\/v2\/pages\/3280","targetHints":{"allow":["GET"]}}],"collection":[{"href":"https:\/\/sync-tech.de\/en\/wp-json\/wp\/v2\/pages"}],"about":[{"href":"https:\/\/sync-tech.de\/en\/wp-json\/wp\/v2\/types\/page"}],"author":[{"embeddable":true,"href":"https:\/\/sync-tech.de\/en\/wp-json\/wp\/v2\/users\/1"}],"replies":[{"embeddable":true,"href":"https:\/\/sync-tech.de\/en\/wp-json\/wp\/v2\/comments?post=3280"}],"version-history":[{"count":50,"href":"https:\/\/sync-tech.de\/en\/wp-json\/wp\/v2\/pages\/3280\/revisions"}],"predecessor-version":[{"id":5247,"href":"https:\/\/sync-tech.de\/en\/wp-json\/wp\/v2\/pages\/3280\/revisions\/5247"}],"wp:attachment":[{"href":"https:\/\/sync-tech.de\/en\/wp-json\/wp\/v2\/media?parent=3280"}],"curies":[{"name":"wp","href":"https:\/\/api.w.org\/{rel}","templated":true}]}}