{"id":3281,"date":"2023-09-29T04:14:20","date_gmt":"2023-09-29T04:14:20","guid":{"rendered":"https:\/\/syncts.de\/?page_id=3281"},"modified":"2024-01-12T18:09:18","modified_gmt":"2024-01-12T18:09:18","slug":"mittelstaendische-unternehmen","status":"publish","type":"page","link":"https:\/\/sync-tech.de\/en\/mittelstaendische-unternehmen\/","title":{"rendered":"Mid-Sized Enterprises"},"content":{"rendered":"\t\t<div data-elementor-type=\"wp-page\" data-elementor-id=\"3281\" class=\"elementor elementor-3281\">\n\t\t\t\t<div class=\"elementor-element elementor-element-88c1a46 e-flex e-con-boxed e-con e-parent\" data-id=\"88c1a46\" data-element_type=\"container\" data-settings=\"{&quot;content_width&quot;:&quot;boxed&quot;}\" data-core-v316-plus=\"true\">\n\t\t\t\t\t<div class=\"e-con-inner\">\n\t\t<div class=\"elementor-element elementor-element-67d5b93 e-flex e-con-boxed e-con e-child\" data-id=\"67d5b93\" data-element_type=\"container\" data-settings=\"{&quot;content_width&quot;:&quot;boxed&quot;}\">\n\t\t\t\t\t<div class=\"e-con-inner\">\n\t\t\t\t<div class=\"elementor-element elementor-element-639a364 elementor-widget elementor-widget-image\" data-id=\"639a364\" data-element_type=\"widget\" data-widget_type=\"image.default\">\n\t\t\t\t<div class=\"elementor-widget-container\">\n\t\t\t<style>\/*! elementor - v3.19.0 - 05-02-2024 *\/\n.elementor-widget-image{text-align:center}.elementor-widget-image a{display:inline-block}.elementor-widget-image a img[src$=\".svg\"]{width:48px}.elementor-widget-image img{vertical-align:middle;display:inline-block}<\/style>\t\t\t\t\t\t\t\t\t\t<img fetchpriority=\"high\" decoding=\"async\" width=\"640\" height=\"426\" src=\"https:\/\/sync-tech.de\/wp-content\/uploads\/2023\/10\/sme-text-small-medium-enterprise-wooden-cube_2-1024x682.jpg\" class=\"attachment-large size-large wp-image-4431\" alt=\"\" srcset=\"https:\/\/sync-tech.de\/wp-content\/uploads\/2023\/10\/sme-text-small-medium-enterprise-wooden-cube_2-1024x682.jpg 1024w, https:\/\/sync-tech.de\/wp-content\/uploads\/2023\/10\/sme-text-small-medium-enterprise-wooden-cube_2-300x200.jpg 300w, https:\/\/sync-tech.de\/wp-content\/uploads\/2023\/10\/sme-text-small-medium-enterprise-wooden-cube_2-768x512.jpg 768w, https:\/\/sync-tech.de\/wp-content\/uploads\/2023\/10\/sme-text-small-medium-enterprise-wooden-cube_2-1536x1024.jpg 1536w, https:\/\/sync-tech.de\/wp-content\/uploads\/2023\/10\/sme-text-small-medium-enterprise-wooden-cube_2-2048x1365.jpg 2048w, https:\/\/sync-tech.de\/wp-content\/uploads\/2023\/10\/sme-text-small-medium-enterprise-wooden-cube_2-18x12.jpg 18w\" sizes=\"(max-width: 640px) 100vw, 640px\" \/>\t\t\t\t\t\t\t\t\t\t\t\t\t<\/div>\n\t\t\t\t<\/div>\n\t\t\t\t\t<\/div>\n\t\t\t\t<\/div>\n\t\t\t\t<div class=\"elementor-element elementor-element-92e572d elementor-widget elementor-widget-spacer\" data-id=\"92e572d\" data-element_type=\"widget\" data-widget_type=\"spacer.default\">\n\t\t\t\t<div class=\"elementor-widget-container\">\n\t\t\t<style>\/*! elementor - v3.19.0 - 05-02-2024 *\/\n.elementor-column .elementor-spacer-inner{height:var(--spacer-size)}.e-con{--container-widget-width:100%}.e-con-inner>.elementor-widget-spacer,.e-con>.elementor-widget-spacer{width:var(--container-widget-width,var(--spacer-size));--align-self:var(--container-widget-align-self,initial);--flex-shrink:0}.e-con-inner>.elementor-widget-spacer>.elementor-widget-container,.e-con>.elementor-widget-spacer>.elementor-widget-container{height:100%;width:100%}.e-con-inner>.elementor-widget-spacer>.elementor-widget-container>.elementor-spacer,.e-con>.elementor-widget-spacer>.elementor-widget-container>.elementor-spacer{height:100%}.e-con-inner>.elementor-widget-spacer>.elementor-widget-container>.elementor-spacer>.elementor-spacer-inner,.e-con>.elementor-widget-spacer>.elementor-widget-container>.elementor-spacer>.elementor-spacer-inner{height:var(--container-widget-height,var(--spacer-size))}.e-con-inner>.elementor-widget-spacer.elementor-widget-empty,.e-con>.elementor-widget-spacer.elementor-widget-empty{position:relative;min-height:22px;min-width:22px}.e-con-inner>.elementor-widget-spacer.elementor-widget-empty .elementor-widget-empty-icon,.e-con>.elementor-widget-spacer.elementor-widget-empty .elementor-widget-empty-icon{position:absolute;top:0;bottom:0;left:0;right:0;margin:auto;padding:0;width:22px;height:22px}<\/style>\t\t<div class=\"elementor-spacer\">\n\t\t\t<div class=\"elementor-spacer-inner\"><\/div>\n\t\t<\/div>\n\t\t\t\t<\/div>\n\t\t\t\t<\/div>\n\t\t\t\t<div class=\"elementor-element elementor-element-de7dbe7 elementor-widget elementor-widget-text-editor\" data-id=\"de7dbe7\" data-element_type=\"widget\" data-widget_type=\"text-editor.default\">\n\t\t\t\t<div class=\"elementor-widget-container\">\n\t\t\t<style>\/*! elementor - v3.19.0 - 05-02-2024 *\/\n.elementor-widget-text-editor.elementor-drop-cap-view-stacked .elementor-drop-cap{background-color:#69727d;color:#fff}.elementor-widget-text-editor.elementor-drop-cap-view-framed .elementor-drop-cap{color:#69727d;border:3px solid;background-color:transparent}.elementor-widget-text-editor:not(.elementor-drop-cap-view-default) .elementor-drop-cap{margin-top:8px}.elementor-widget-text-editor:not(.elementor-drop-cap-view-default) .elementor-drop-cap-letter{width:1em;height:1em}.elementor-widget-text-editor .elementor-drop-cap{float:left;text-align:center;line-height:1;font-size:50px}.elementor-widget-text-editor .elementor-drop-cap-letter{display:inline-block}<\/style>\t\t\t\t<h2><strong>Unterst\u00fctzung kleiner und mittlerer Unternehmen mit ma\u00dfgeschneiderten L\u00f6sungen<\/strong><\/h2><p>Basierend auf unserer langj\u00e4hrigen Erfahrung mit kleinen und mittelst\u00e4ndischen Unternehmen in verschiedenen Projekten sind wir darauf spezialisiert, ma\u00dfgeschneiderte L\u00f6sungen f\u00fcr Ihre spezifischen Bed\u00fcrfnisse zu entwickeln. Unser Ansatz konzentriert sich darauf, praktische, ergebnisorientierte Ergebnisse zu liefern. Synctech ist stolz darauf, die au\u00dfergew\u00f6hnlichen Produktangebote von Salesforce zu nutzen, die die folgenden Schl\u00fcsselbereiche umfassen:<\/p><ul><li>Lead- und Opportunity-Management<\/li><li>CPQ-L\u00f6sungen (Configure, Price, Offer)<\/li><li>Kundendienst und Au\u00dfendienst<\/li><li>Marketing-Automatisierung<\/li><li>Workflow-Automatisierung<\/li><li>Umfassende Analysen und Berichte<\/li><li>Nahtlose Partner- und Kundenkonnektivit\u00e4t<\/li><li>Optimierung f\u00fcr Mobilger\u00e4te<\/li><li>Verbesserung der internen und externen Zusammenarbeit<\/li><li>Integration in bestehende Systeme<\/li><\/ul><p>Synctech freut sich, Sie zu einem kostenlosen Scoping-Workshop einladen zu k\u00f6nnen, um Ihre Anfragen zu beantworten und Ihre spezifischen Bed\u00fcrfnisse zu ermitteln. Z\u00f6gern Sie nicht, sich an uns zu wenden.<\/p>\t\t\t\t\t\t<\/div>\n\t\t\t\t<\/div>\n\t\t\t\t<div class=\"elementor-element elementor-element-9e93633 elementor-widget elementor-widget-button\" data-id=\"9e93633\" data-element_type=\"widget\" data-widget_type=\"button.default\">\n\t\t\t\t<div class=\"elementor-widget-container\">\n\t\t\t\t\t<div class=\"elementor-button-wrapper\">\n\t\t\t<a class=\"elementor-button elementor-button-link elementor-size-sm\" href=\"https:\/\/sync-tech.de\/kontakt\/\">\n\t\t\t\t\t\t<span class=\"elementor-button-content-wrapper\">\n\t\t\t\t\t\t<span class=\"elementor-button-text\">Loslegen<\/span>\n\t\t<\/span>\n\t\t\t\t\t<\/a>\n\t\t<\/div>\n\t\t\t\t<\/div>\n\t\t\t\t<\/div>\n\t\t\t\t\t<\/div>\n\t\t\t\t<\/div>\n\t\t\t\t<\/div>\n\t\t","protected":false},"excerpt":{"rendered":"<p>Unterst\u00fctzung kleiner und mittlerer Unternehmen mit ma\u00dfgeschneiderten L\u00f6sungen Basierend auf unserer langj\u00e4hrigen Erfahrung mit kleinen und mittelst\u00e4ndischen Unternehmen in verschiedenen Projekten sind wir darauf spezialisiert, ma\u00dfgeschneiderte L\u00f6sungen f\u00fcr Ihre spezifischen Bed\u00fcrfnisse zu entwickeln. Unser Ansatz konzentriert sich darauf, praktische, ergebnisorientierte Ergebnisse zu liefern. Synctech ist stolz darauf, die au\u00dfergew\u00f6hnlichen Produktangebote von Salesforce zu nutzen, die [&hellip;]<\/p>\n","protected":false},"author":1,"featured_media":0,"parent":0,"menu_order":0,"comment_status":"closed","ping_status":"closed","template":"","meta":{"footnotes":""},"class_list":["post-3281","page","type-page","status-publish","hentry"],"_links":{"self":[{"href":"https:\/\/sync-tech.de\/en\/wp-json\/wp\/v2\/pages\/3281","targetHints":{"allow":["GET"]}}],"collection":[{"href":"https:\/\/sync-tech.de\/en\/wp-json\/wp\/v2\/pages"}],"about":[{"href":"https:\/\/sync-tech.de\/en\/wp-json\/wp\/v2\/types\/page"}],"author":[{"embeddable":true,"href":"https:\/\/sync-tech.de\/en\/wp-json\/wp\/v2\/users\/1"}],"replies":[{"embeddable":true,"href":"https:\/\/sync-tech.de\/en\/wp-json\/wp\/v2\/comments?post=3281"}],"version-history":[{"count":43,"href":"https:\/\/sync-tech.de\/en\/wp-json\/wp\/v2\/pages\/3281\/revisions"}],"predecessor-version":[{"id":5235,"href":"https:\/\/sync-tech.de\/en\/wp-json\/wp\/v2\/pages\/3281\/revisions\/5235"}],"wp:attachment":[{"href":"https:\/\/sync-tech.de\/en\/wp-json\/wp\/v2\/media?parent=3281"}],"curies":[{"name":"wp","href":"https:\/\/api.w.org\/{rel}","templated":true}]}}