{"id":3301,"date":"2023-09-29T04:20:31","date_gmt":"2023-09-29T04:20:31","guid":{"rendered":"https:\/\/syncts.de\/?page_id=3301"},"modified":"2024-01-12T18:10:24","modified_gmt":"2024-01-12T18:10:24","slug":"kostenfreier-gesundheitscheck","status":"publish","type":"page","link":"https:\/\/sync-tech.de\/en\/kostenfreier-gesundheitscheck\/","title":{"rendered":"Complimentary Health Check"},"content":{"rendered":"\t\t<div data-elementor-type=\"wp-page\" data-elementor-id=\"3301\" class=\"elementor elementor-3301\">\n\t\t\t\t<div class=\"elementor-element elementor-element-ad05a79 e-flex e-con-boxed e-con e-parent\" data-id=\"ad05a79\" data-element_type=\"container\" data-settings=\"{&quot;content_width&quot;:&quot;boxed&quot;}\" data-core-v316-plus=\"true\">\n\t\t\t\t\t<div class=\"e-con-inner\">\n\t\t\t\t<div class=\"elementor-element elementor-element-f980168 elementor-widget elementor-widget-image\" data-id=\"f980168\" data-element_type=\"widget\" data-widget_type=\"image.default\">\n\t\t\t\t<div class=\"elementor-widget-container\">\n\t\t\t<style>\/*! elementor - v3.19.0 - 05-02-2024 *\/\n.elementor-widget-image{text-align:center}.elementor-widget-image a{display:inline-block}.elementor-widget-image a img[src$=\".svg\"]{width:48px}.elementor-widget-image img{vertical-align:middle;display:inline-block}<\/style>\t\t\t\t\t\t\t\t\t\t<img fetchpriority=\"high\" decoding=\"async\" width=\"640\" height=\"360\" src=\"https:\/\/sync-tech.de\/wp-content\/uploads\/2023\/10\/top-view-hands-holding-mobile-phone-in-employee-se-2021-11-08-15-58-33-utc_2-1024x576.jpg\" class=\"attachment-large size-large wp-image-4405\" alt=\"\" srcset=\"https:\/\/sync-tech.de\/wp-content\/uploads\/2023\/10\/top-view-hands-holding-mobile-phone-in-employee-se-2021-11-08-15-58-33-utc_2-1024x576.jpg 1024w, https:\/\/sync-tech.de\/wp-content\/uploads\/2023\/10\/top-view-hands-holding-mobile-phone-in-employee-se-2021-11-08-15-58-33-utc_2-300x169.jpg 300w, https:\/\/sync-tech.de\/wp-content\/uploads\/2023\/10\/top-view-hands-holding-mobile-phone-in-employee-se-2021-11-08-15-58-33-utc_2-768x432.jpg 768w, https:\/\/sync-tech.de\/wp-content\/uploads\/2023\/10\/top-view-hands-holding-mobile-phone-in-employee-se-2021-11-08-15-58-33-utc_2-1536x864.jpg 1536w, https:\/\/sync-tech.de\/wp-content\/uploads\/2023\/10\/top-view-hands-holding-mobile-phone-in-employee-se-2021-11-08-15-58-33-utc_2-2048x1152.jpg 2048w, https:\/\/sync-tech.de\/wp-content\/uploads\/2023\/10\/top-view-hands-holding-mobile-phone-in-employee-se-2021-11-08-15-58-33-utc_2-18x10.jpg 18w\" sizes=\"(max-width: 640px) 100vw, 640px\" \/>\t\t\t\t\t\t\t\t\t\t\t\t\t<\/div>\n\t\t\t\t<\/div>\n\t\t\t\t<div class=\"elementor-element elementor-element-d970dab elementor-widget elementor-widget-spacer\" data-id=\"d970dab\" data-element_type=\"widget\" data-widget_type=\"spacer.default\">\n\t\t\t\t<div class=\"elementor-widget-container\">\n\t\t\t<style>\/*! elementor - v3.19.0 - 05-02-2024 *\/\n.elementor-column .elementor-spacer-inner{height:var(--spacer-size)}.e-con{--container-widget-width:100%}.e-con-inner>.elementor-widget-spacer,.e-con>.elementor-widget-spacer{width:var(--container-widget-width,var(--spacer-size));--align-self:var(--container-widget-align-self,initial);--flex-shrink:0}.e-con-inner>.elementor-widget-spacer>.elementor-widget-container,.e-con>.elementor-widget-spacer>.elementor-widget-container{height:100%;width:100%}.e-con-inner>.elementor-widget-spacer>.elementor-widget-container>.elementor-spacer,.e-con>.elementor-widget-spacer>.elementor-widget-container>.elementor-spacer{height:100%}.e-con-inner>.elementor-widget-spacer>.elementor-widget-container>.elementor-spacer>.elementor-spacer-inner,.e-con>.elementor-widget-spacer>.elementor-widget-container>.elementor-spacer>.elementor-spacer-inner{height:var(--container-widget-height,var(--spacer-size))}.e-con-inner>.elementor-widget-spacer.elementor-widget-empty,.e-con>.elementor-widget-spacer.elementor-widget-empty{position:relative;min-height:22px;min-width:22px}.e-con-inner>.elementor-widget-spacer.elementor-widget-empty .elementor-widget-empty-icon,.e-con>.elementor-widget-spacer.elementor-widget-empty .elementor-widget-empty-icon{position:absolute;top:0;bottom:0;left:0;right:0;margin:auto;padding:0;width:22px;height:22px}<\/style>\t\t<div class=\"elementor-spacer\">\n\t\t\t<div class=\"elementor-spacer-inner\"><\/div>\n\t\t<\/div>\n\t\t\t\t<\/div>\n\t\t\t\t<\/div>\n\t\t\t\t<div class=\"elementor-element elementor-element-2ba144c elementor-widget elementor-widget-text-editor\" data-id=\"2ba144c\" data-element_type=\"widget\" data-widget_type=\"text-editor.default\">\n\t\t\t\t<div class=\"elementor-widget-container\">\n\t\t\t<style>\/*! elementor - v3.19.0 - 05-02-2024 *\/\n.elementor-widget-text-editor.elementor-drop-cap-view-stacked .elementor-drop-cap{background-color:#69727d;color:#fff}.elementor-widget-text-editor.elementor-drop-cap-view-framed .elementor-drop-cap{color:#69727d;border:3px solid;background-color:transparent}.elementor-widget-text-editor:not(.elementor-drop-cap-view-default) .elementor-drop-cap{margin-top:8px}.elementor-widget-text-editor:not(.elementor-drop-cap-view-default) .elementor-drop-cap-letter{width:1em;height:1em}.elementor-widget-text-editor .elementor-drop-cap{float:left;text-align:center;line-height:1;font-size:50px}.elementor-widget-text-editor .elementor-drop-cap-letter{display:inline-block}<\/style>\t\t\t\t<h1><strong>Aufzeigen, wie wichtig es ist, Ihr aktuelles Salesforce-Setup zu optimieren<\/strong><\/h1>\t\t\t\t\t\t<\/div>\n\t\t\t\t<\/div>\n\t\t\t\t<div class=\"elementor-element elementor-element-ec43f62 elementor-widget elementor-widget-text-editor\" data-id=\"ec43f62\" data-element_type=\"widget\" data-widget_type=\"text-editor.default\">\n\t\t\t\t<div class=\"elementor-widget-container\">\n\t\t\t\t\t\t\t<p><strong>Mit unserem kostenlosen Healthcheck bieten wir zwei wertvolle Assessments an:<\/strong><\/p><p>Zun\u00e4chst evaluieren wir Ihre bestehende CRM-Implementierung, um Bereiche zu identifizieren, die optimiert werden m\u00fcssen. Zweitens, wenn Sie derzeit kein CRM-System verwenden, heben wir die potenziellen Effizienzgewinne hervor, die Sie durch die Einf\u00fchrung eines solchen Systems erzielen k\u00f6nnten. Im Anschluss an das Beratungsgespr\u00e4ch pr\u00e4sentieren wir Ihnen einen strukturierten Plan, wie Sie entweder Ihr aktuelles System mit Fokus auf Wirtschaftlichkeit und Systemauslastung optimieren oder einen nahtlosen Einstieg in das Salesforce-\u00d6kosystem erm\u00f6glichen k\u00f6nnen.<\/p><p><strong>Hier sind einige der Vorteile, die Sie von unserem Healthcheck erwarten k\u00f6nnen:<\/strong><\/p><ul><li>Schnelle Einsch\u00e4tzung Ihres aktuellen Umsetzungsstandes.<\/li><li>Evaluierung Ihrer Vertriebs- und Marketingprozesse.<\/li><li>Identifizierung von Optimierungsm\u00f6glichkeiten, einschlie\u00dflich Quick Wins.<\/li><\/ul>\t\t\t\t\t\t<\/div>\n\t\t\t\t<\/div>\n\t\t\t\t<div class=\"elementor-element elementor-element-a4ddea9 elementor-widget elementor-widget-button\" data-id=\"a4ddea9\" data-element_type=\"widget\" data-widget_type=\"button.default\">\n\t\t\t\t<div class=\"elementor-widget-container\">\n\t\t\t\t\t<div class=\"elementor-button-wrapper\">\n\t\t\t<a class=\"elementor-button elementor-button-link elementor-size-sm\" href=\"https:\/\/sync-tech.de\/kontakt\/\">\n\t\t\t\t\t\t<span class=\"elementor-button-content-wrapper\">\n\t\t\t\t\t\t<span class=\"elementor-button-text\">Loslegen<\/span>\n\t\t<\/span>\n\t\t\t\t\t<\/a>\n\t\t<\/div>\n\t\t\t\t<\/div>\n\t\t\t\t<\/div>\n\t\t\t\t\t<\/div>\n\t\t\t\t<\/div>\n\t\t\t\t<\/div>\n\t\t","protected":false},"excerpt":{"rendered":"<p>Aufzeigen, wie wichtig es ist, Ihr aktuelles Salesforce-Setup zu optimieren Mit unserem kostenlosen Healthcheck bieten wir zwei wertvolle Assessments an: Zun\u00e4chst evaluieren wir Ihre bestehende CRM-Implementierung, um Bereiche zu identifizieren, die optimiert werden m\u00fcssen. Zweitens, wenn Sie derzeit kein CRM-System verwenden, heben wir die potenziellen Effizienzgewinne hervor, die Sie durch die Einf\u00fchrung eines solchen Systems [&hellip;]<\/p>\n","protected":false},"author":1,"featured_media":0,"parent":0,"menu_order":0,"comment_status":"closed","ping_status":"closed","template":"","meta":{"footnotes":""},"class_list":["post-3301","page","type-page","status-publish","hentry"],"_links":{"self":[{"href":"https:\/\/sync-tech.de\/en\/wp-json\/wp\/v2\/pages\/3301","targetHints":{"allow":["GET"]}}],"collection":[{"href":"https:\/\/sync-tech.de\/en\/wp-json\/wp\/v2\/pages"}],"about":[{"href":"https:\/\/sync-tech.de\/en\/wp-json\/wp\/v2\/types\/page"}],"author":[{"embeddable":true,"href":"https:\/\/sync-tech.de\/en\/wp-json\/wp\/v2\/users\/1"}],"replies":[{"embeddable":true,"href":"https:\/\/sync-tech.de\/en\/wp-json\/wp\/v2\/comments?post=3301"}],"version-history":[{"count":60,"href":"https:\/\/sync-tech.de\/en\/wp-json\/wp\/v2\/pages\/3301\/revisions"}],"predecessor-version":[{"id":5241,"href":"https:\/\/sync-tech.de\/en\/wp-json\/wp\/v2\/pages\/3301\/revisions\/5241"}],"wp:attachment":[{"href":"https:\/\/sync-tech.de\/en\/wp-json\/wp\/v2\/media?parent=3301"}],"curies":[{"name":"wp","href":"https:\/\/api.w.org\/{rel}","templated":true}]}}