{"id":3303,"date":"2023-09-29T04:20:31","date_gmt":"2023-09-29T04:20:31","guid":{"rendered":"https:\/\/syncts.de\/?page_id=3303"},"modified":"2024-01-17T15:14:16","modified_gmt":"2024-01-17T15:14:16","slug":"schnellstart-startups","status":"publish","type":"page","link":"https:\/\/sync-tech.de\/en\/schnellstart-startups\/","title":{"rendered":"Quick Start Startups"},"content":{"rendered":"\t\t<div data-elementor-type=\"wp-page\" data-elementor-id=\"3303\" class=\"elementor elementor-3303\">\n\t\t\t\t<div class=\"elementor-element elementor-element-27d36b8 e-flex e-con-boxed e-con e-parent\" data-id=\"27d36b8\" data-element_type=\"container\" data-settings=\"{&quot;content_width&quot;:&quot;boxed&quot;}\" data-core-v316-plus=\"true\">\n\t\t\t\t\t<div class=\"e-con-inner\">\n\t\t\t\t<div class=\"elementor-element elementor-element-e69544e elementor-widget elementor-widget-image\" data-id=\"e69544e\" data-element_type=\"widget\" data-widget_type=\"image.default\">\n\t\t\t\t<div class=\"elementor-widget-container\">\n\t\t\t<style>\/*! elementor - v3.19.0 - 05-02-2024 *\/\n.elementor-widget-image{text-align:center}.elementor-widget-image a{display:inline-block}.elementor-widget-image a img[src$=\".svg\"]{width:48px}.elementor-widget-image img{vertical-align:middle;display:inline-block}<\/style>\t\t\t\t\t\t\t\t\t\t<img fetchpriority=\"high\" decoding=\"async\" width=\"640\" height=\"360\" src=\"https:\/\/sync-tech.de\/wp-content\/uploads\/2023\/10\/StarterSuite.webp\" class=\"attachment-large size-large wp-image-3970\" alt=\"\" srcset=\"https:\/\/sync-tech.de\/wp-content\/uploads\/2023\/10\/StarterSuite.webp 1024w, https:\/\/sync-tech.de\/wp-content\/uploads\/2023\/10\/StarterSuite-300x169.webp 300w, https:\/\/sync-tech.de\/wp-content\/uploads\/2023\/10\/StarterSuite-768x432.webp 768w, https:\/\/sync-tech.de\/wp-content\/uploads\/2023\/10\/StarterSuite-18x10.webp 18w\" sizes=\"(max-width: 640px) 100vw, 640px\" \/>\t\t\t\t\t\t\t\t\t\t\t\t\t<\/div>\n\t\t\t\t<\/div>\n\t\t\t\t<div class=\"elementor-element elementor-element-cb9dd10 elementor-widget elementor-widget-spacer\" data-id=\"cb9dd10\" data-element_type=\"widget\" data-widget_type=\"spacer.default\">\n\t\t\t\t<div class=\"elementor-widget-container\">\n\t\t\t<style>\/*! elementor - v3.19.0 - 05-02-2024 *\/\n.elementor-column .elementor-spacer-inner{height:var(--spacer-size)}.e-con{--container-widget-width:100%}.e-con-inner>.elementor-widget-spacer,.e-con>.elementor-widget-spacer{width:var(--container-widget-width,var(--spacer-size));--align-self:var(--container-widget-align-self,initial);--flex-shrink:0}.e-con-inner>.elementor-widget-spacer>.elementor-widget-container,.e-con>.elementor-widget-spacer>.elementor-widget-container{height:100%;width:100%}.e-con-inner>.elementor-widget-spacer>.elementor-widget-container>.elementor-spacer,.e-con>.elementor-widget-spacer>.elementor-widget-container>.elementor-spacer{height:100%}.e-con-inner>.elementor-widget-spacer>.elementor-widget-container>.elementor-spacer>.elementor-spacer-inner,.e-con>.elementor-widget-spacer>.elementor-widget-container>.elementor-spacer>.elementor-spacer-inner{height:var(--container-widget-height,var(--spacer-size))}.e-con-inner>.elementor-widget-spacer.elementor-widget-empty,.e-con>.elementor-widget-spacer.elementor-widget-empty{position:relative;min-height:22px;min-width:22px}.e-con-inner>.elementor-widget-spacer.elementor-widget-empty .elementor-widget-empty-icon,.e-con>.elementor-widget-spacer.elementor-widget-empty .elementor-widget-empty-icon{position:absolute;top:0;bottom:0;left:0;right:0;margin:auto;padding:0;width:22px;height:22px}<\/style>\t\t<div class=\"elementor-spacer\">\n\t\t\t<div class=\"elementor-spacer-inner\"><\/div>\n\t\t<\/div>\n\t\t\t\t<\/div>\n\t\t\t\t<\/div>\n\t\t\t\t<div class=\"elementor-element elementor-element-604d2ae elementor-widget elementor-widget-text-editor\" data-id=\"604d2ae\" data-element_type=\"widget\" data-widget_type=\"text-editor.default\">\n\t\t\t\t<div class=\"elementor-widget-container\">\n\t\t\t<style>\/*! elementor - v3.19.0 - 05-02-2024 *\/\n.elementor-widget-text-editor.elementor-drop-cap-view-stacked .elementor-drop-cap{background-color:#69727d;color:#fff}.elementor-widget-text-editor.elementor-drop-cap-view-framed .elementor-drop-cap{color:#69727d;border:3px solid;background-color:transparent}.elementor-widget-text-editor:not(.elementor-drop-cap-view-default) .elementor-drop-cap{margin-top:8px}.elementor-widget-text-editor:not(.elementor-drop-cap-view-default) .elementor-drop-cap-letter{width:1em;height:1em}.elementor-widget-text-editor .elementor-drop-cap{float:left;text-align:center;line-height:1;font-size:50px}.elementor-widget-text-editor .elementor-drop-cap-letter{display:inline-block}<\/style>\t\t\t\t<h1><strong>Wir stellen den &#8222;Quickstart f\u00fcr Startups&#8220; zum Festpreis von 4.500\u20ac vor!<\/strong><\/h1>\t\t\t\t\t\t<\/div>\n\t\t\t\t<\/div>\n\t\t\t\t<div class=\"elementor-element elementor-element-6d84a9c elementor-widget elementor-widget-text-editor\" data-id=\"6d84a9c\" data-element_type=\"widget\" data-widget_type=\"text-editor.default\">\n\t\t\t\t<div class=\"elementor-widget-container\">\n\t\t\t\t\t\t\t<p>Dieses ma\u00dfgeschneiderte Paket ist speziell f\u00fcr junge Unternehmen konzipiert und bietet wesentliche Vertriebs- und Marketingkomponenten. Unser Ziel ist es, einen kosteng\u00fcnstigen Salesforce-Einstieg zu erm\u00f6glichen, kritische Prozesse schnell zu definieren und das Wachstum Ihres Startups optimal zu unterst\u00fctzen.<\/p><p><strong>Hier ist, was Sie mit diesem Paket erreichen k\u00f6nnen:<\/strong><\/p><ul><li>Schnelle Anpassung an die individuellen Bed\u00fcrfnisse von Startups und benutzerfreundliche Schulungsmethoden, die eine hohe Benutzerakzeptanz gew\u00e4hrleisten.<\/li><li>Richten Sie ein skalierbares CRM-System ein, das Ihr langfristiges Wachstum unterst\u00fctzt.<\/li><li>Implementieren Sie effizient wichtige Funktionen, um die Produktivit\u00e4t Ihres Startups zu steigern.<\/li><li>Beschleunigen Sie den Return on Investment und sorgen Sie f\u00fcr eine schnellere Kostendeckung.<\/li><\/ul><p><strong>Das Paket beinhaltet folgende Komponenten, die auf Ihre Bed\u00fcrfnisse zugeschnitten und in einem strukturierten Projektplan skizziert werden:<\/strong><\/p><ul><li><p><strong>Analyse-Workshop<\/strong>: Ein 3-st\u00fcndiger erster Analyse-Workshop, in dem Sie sich mit der Salesforce-Anpassung auf der Grundlage Ihrer spezifischen Prozesse befassen.<\/p><\/li><li><p><strong>Basiskonfiguration<\/strong>: Einrichtung einer grundlegenden Salesforce-Anwendungskonfiguration unter Verwendung unserer bew\u00e4hrten Best Practices<\/p><\/li><li><p><strong>Salesforce.com Anpassung<\/strong>: Konfigurieren Sie Salesforce.com f\u00fcr Leads, Accounts, Kontakte und Opportunities. Dazu geh\u00f6rt das Erstellen und Anpassen von Feldern, Attributen, Seitenlayouts und Berichten, die auf Ihre Anforderungen &#8222;Auswertungen f\u00fcr den Vertrieb&#8220; zugeschnitten sind.<\/p><\/li><li><p><strong>Salesforce.com Datenmigration<\/strong>: \u00dcbertragen Sie vorhandene Daten aus Microsoft Excel- oder CSV-Dateien in das Salesforce CRM-System und konzentrieren Sie sich dabei auf Leads, Accounts und Kontakte.<\/p><\/li><li><p><strong>Nahtlose Integration eines E-Mail-Clients<\/strong>: Richten Sie Connect f\u00fcr Microsoft Outlook oder Gmail als beispielhafte Konfiguration ein, um Ihren Workflow zu optimieren.<\/p><\/li><li><p><strong>Salesforce Vertriebs- und Marketingschulung<\/strong>: Erhalten Sie eine 4-st\u00fcndige\u00a0Online-Einf\u00fchrungsschulung\u00a0f\u00fcr Salesforce.com mit Platz f\u00fcr bis zu 5 Teilnehmer. Dieses Training deckt die Grundlagen ab und beinhaltet kundenspezifische Fallstudien.<\/p><\/li><\/ul><p>Bitte beachten Sie, dass alle Preise zuz\u00fcglich anfallender Steuern sind. Wenn Sie an diesem Paket interessiert sind, z\u00f6gern Sie nicht, sich mit uns in Verbindung zu setzen, und wir erstellen Ihnen gerne ein individuelles Angebot.<\/p>\t\t\t\t\t\t<\/div>\n\t\t\t\t<\/div>\n\t\t\t\t<div class=\"elementor-element elementor-element-30c99cb elementor-widget elementor-widget-button\" data-id=\"30c99cb\" data-element_type=\"widget\" data-widget_type=\"button.default\">\n\t\t\t\t<div class=\"elementor-widget-container\">\n\t\t\t\t\t<div class=\"elementor-button-wrapper\">\n\t\t\t<a class=\"elementor-button elementor-button-link elementor-size-sm\" href=\"https:\/\/sync-tech.de\/kontakt\/\">\n\t\t\t\t\t\t<span class=\"elementor-button-content-wrapper\">\n\t\t\t\t\t\t<span class=\"elementor-button-text\">Loslegen<\/span>\n\t\t<\/span>\n\t\t\t\t\t<\/a>\n\t\t<\/div>\n\t\t\t\t<\/div>\n\t\t\t\t<\/div>\n\t\t\t\t\t<\/div>\n\t\t\t\t<\/div>\n\t\t\t\t<\/div>\n\t\t","protected":false},"excerpt":{"rendered":"<p>Wir stellen den &#8222;Quickstart f\u00fcr Startups&#8220; zum Festpreis von 4.500\u20ac vor! Dieses ma\u00dfgeschneiderte Paket ist speziell f\u00fcr junge Unternehmen konzipiert und bietet wesentliche Vertriebs- und Marketingkomponenten. Unser Ziel ist es, einen kosteng\u00fcnstigen Salesforce-Einstieg zu erm\u00f6glichen, kritische Prozesse schnell zu definieren und das Wachstum Ihres Startups optimal zu unterst\u00fctzen. Hier ist, was Sie mit diesem Paket [&hellip;]<\/p>\n","protected":false},"author":1,"featured_media":0,"parent":0,"menu_order":0,"comment_status":"closed","ping_status":"closed","template":"","meta":{"footnotes":""},"class_list":["post-3303","page","type-page","status-publish","hentry"],"_links":{"self":[{"href":"https:\/\/sync-tech.de\/en\/wp-json\/wp\/v2\/pages\/3303","targetHints":{"allow":["GET"]}}],"collection":[{"href":"https:\/\/sync-tech.de\/en\/wp-json\/wp\/v2\/pages"}],"about":[{"href":"https:\/\/sync-tech.de\/en\/wp-json\/wp\/v2\/types\/page"}],"author":[{"embeddable":true,"href":"https:\/\/sync-tech.de\/en\/wp-json\/wp\/v2\/users\/1"}],"replies":[{"embeddable":true,"href":"https:\/\/sync-tech.de\/en\/wp-json\/wp\/v2\/comments?post=3303"}],"version-history":[{"count":74,"href":"https:\/\/sync-tech.de\/en\/wp-json\/wp\/v2\/pages\/3303\/revisions"}],"predecessor-version":[{"id":5269,"href":"https:\/\/sync-tech.de\/en\/wp-json\/wp\/v2\/pages\/3303\/revisions\/5269"}],"wp:attachment":[{"href":"https:\/\/sync-tech.de\/en\/wp-json\/wp\/v2\/media?parent=3303"}],"curies":[{"name":"wp","href":"https:\/\/api.w.org\/{rel}","templated":true}]}}