{"id":4817,"date":"2024-01-08T22:32:47","date_gmt":"2024-01-08T22:32:47","guid":{"rendered":"https:\/\/sync-tech.de\/?page_id=4817"},"modified":"2024-11-27T05:54:56","modified_gmt":"2024-11-27T05:54:56","slug":"start-ups","status":"publish","type":"page","link":"https:\/\/sync-tech.de\/en\/start-ups\/","title":{"rendered":"Start-Ups Old"},"content":{"rendered":"<style>\/*! elementor - v3.18.0 - 20-12-2023 *\/\n.elementor-heading-title{padding:0;margin:0;line-height:1}.elementor-widget-heading .elementor-heading-title[class*=elementor-size-]>a{color:inherit;font-size:inherit;line-height:inherit}.elementor-widget-heading .elementor-heading-title.elementor-size-small{font-size:15px}.elementor-widget-heading .elementor-heading-title.elementor-size-medium{font-size:19px}.elementor-widget-heading .elementor-heading-title.elementor-size-large{font-size:29px}.elementor-widget-heading .elementor-heading-title.elementor-size-xl{font-size:39px}.elementor-widget-heading .elementor-heading-title.elementor-size-xxl{font-size:59px}<\/style>\n<h2>SALESFORCE &#038; IT-L\u00d6SUNGEN F\u00dcR START-UPS<\/h2>\n<h3>Ma\u00dfgeschneiderte Technologien f\u00fcr Startups<\/h3>\n<p>Startups brauchen Flexibilit\u00e4t und Skalierbarkeit bei ihren technologischen L\u00f6sungen. Wir haben uns darauf spezialisiert, Startups mit Salesforce-L\u00f6sungen zu versorgen, die mit ihrem Gesch\u00e4ft wachsen und von einem anpassungsf\u00e4higen IT-Support unterst\u00fctzt werden.<\/p>\n<h3>Schnelle Bereitstellung f\u00fcr unmittelbare Wirkung<\/h3>\n<p>Da wir die Schnelllebigkeit von Startups verstehen, sind unsere Salesforce-Implementierungen schnell und effektiv. Wir stellen sicher, dass Startups das volle Potenzial von Salesforce von Anfang an nutzen k\u00f6nnen, und konzentrieren uns auf die Maximierung begrenzter Ressourcen f\u00fcr optimale Effizienz und Wachstum.<\/p>\n<h3>Skalierbare L\u00f6sungen f\u00fcr wachsende Unternehmen<\/h3>\n<p>Unsere Salesforce-Services sind so konzipiert, dass sie skalierbar sind und sich an die sich entwickelnden Anforderungen eines Startups anpassen lassen. Wenn Ihr Unternehmen w\u00e4chst, entwickeln sich auch unsere L\u00f6sungen und unser Support weiter, sodass eine konsistente Ausrichtung auf Ihre Gesch\u00e4ftsziele und -abl\u00e4ufe gew\u00e4hrleistet ist.<\/p>\n<h3>IT-Support f\u00fcr ununterbrochenes Wachstum<\/h3>\n<p>Unser IT-Support f\u00fcr Startups geht \u00fcber die Fehlerbehebung hinaus; es geht darum, eine solide Grundlage f\u00fcr das Wachstum zu schaffen. Wir passen unsere IT-Strategien an die besonderen Herausforderungen von Start-ups an und sorgen daf\u00fcr, dass Technologie ein Katalysator f\u00fcr den Erfolg ist und nicht ein Hindernis.<\/p>\n<p>\t\t\t<a href=\"https:\/\/sync-tech.de\/kontakt\/\"><br \/>\n\t\t\t\t\t\tJetzt informieren<br \/>\n\t\t\t\t\t<\/a><\/p>\n<style>\/*! elementor - v3.18.0 - 20-12-2023 *\/\n.elementor-widget-image{text-align:center}.elementor-widget-image a{display:inline-block}.elementor-widget-image a img[src$=\".svg\"]{width:48px}.elementor-widget-image img{vertical-align:middle;display:inline-block}<\/style>\n<p>\t\t\t\t\t\t\t\t\t\t\t\t<img fetchpriority=\"high\" decoding=\"async\" width=\"640\" height=\"640\" src=\"https:\/\/sync-tech.de\/wp-content\/uploads\/2024\/01\/Team-pana-1024x1024.png\" alt=\"\" srcset=\"https:\/\/sync-tech.de\/wp-content\/uploads\/2024\/01\/Team-pana-1024x1024.png 1024w, https:\/\/sync-tech.de\/wp-content\/uploads\/2024\/01\/Team-pana-300x300.png 300w, https:\/\/sync-tech.de\/wp-content\/uploads\/2024\/01\/Team-pana-150x150.png 150w, https:\/\/sync-tech.de\/wp-content\/uploads\/2024\/01\/Team-pana-768x768.png 768w, https:\/\/sync-tech.de\/wp-content\/uploads\/2024\/01\/Team-pana-1536x1536.png 1536w, https:\/\/sync-tech.de\/wp-content\/uploads\/2024\/01\/Team-pana-12x12.png 12w, https:\/\/sync-tech.de\/wp-content\/uploads\/2024\/01\/Team-pana-96x96.png 96w, https:\/\/sync-tech.de\/wp-content\/uploads\/2024\/01\/Team-pana.png 2000w\" sizes=\"(max-width: 640px) 100vw, 640px\" \/><\/p>\n","protected":false},"excerpt":{"rendered":"<p>SALESFORCE &#038; IT-L\u00d6SUNGEN F\u00dcR START-UPS Ma\u00dfgeschneiderte Technologien f\u00fcr Startups Startups brauchen Flexibilit\u00e4t und Skalierbarkeit bei ihren technologischen L\u00f6sungen. Wir haben uns darauf spezialisiert, Startups mit Salesforce-L\u00f6sungen zu versorgen, die mit ihrem Gesch\u00e4ft wachsen und von einem anpassungsf\u00e4higen IT-Support unterst\u00fctzt werden. Schnelle Bereitstellung f\u00fcr unmittelbare Wirkung Da wir die Schnelllebigkeit von Startups verstehen, sind unsere Salesforce-Implementierungen [&hellip;]<\/p>\n","protected":false},"author":1,"featured_media":0,"parent":0,"menu_order":0,"comment_status":"closed","ping_status":"closed","template":"","meta":{"footnotes":""},"class_list":["post-4817","page","type-page","status-publish","hentry"],"_links":{"self":[{"href":"https:\/\/sync-tech.de\/en\/wp-json\/wp\/v2\/pages\/4817","targetHints":{"allow":["GET"]}}],"collection":[{"href":"https:\/\/sync-tech.de\/en\/wp-json\/wp\/v2\/pages"}],"about":[{"href":"https:\/\/sync-tech.de\/en\/wp-json\/wp\/v2\/types\/page"}],"author":[{"embeddable":true,"href":"https:\/\/sync-tech.de\/en\/wp-json\/wp\/v2\/users\/1"}],"replies":[{"embeddable":true,"href":"https:\/\/sync-tech.de\/en\/wp-json\/wp\/v2\/comments?post=4817"}],"version-history":[{"count":17,"href":"https:\/\/sync-tech.de\/en\/wp-json\/wp\/v2\/pages\/4817\/revisions"}],"predecessor-version":[{"id":5330,"href":"https:\/\/sync-tech.de\/en\/wp-json\/wp\/v2\/pages\/4817\/revisions\/5330"}],"wp:attachment":[{"href":"https:\/\/sync-tech.de\/en\/wp-json\/wp\/v2\/media?parent=4817"}],"curies":[{"name":"wp","href":"https:\/\/api.w.org\/{rel}","templated":true}]}}