{"id":5323,"date":"2024-11-27T05:54:05","date_gmt":"2024-11-27T05:54:05","guid":{"rendered":"https:\/\/sync-tech.de\/?page_id=5323"},"modified":"2024-11-27T06:17:21","modified_gmt":"2024-11-27T06:17:21","slug":"salesforce-start-ups","status":"publish","type":"page","link":"https:\/\/sync-tech.de\/en\/salesforce-start-ups\/","title":{"rendered":"Start-Ups"},"content":{"rendered":"\n<p><style>\/*! elementor - v3.18.0 - 20-12-2023 *\/<br \/>\n.elementor-heading-title{padding:0;margin:0;line-height:1}.elementor-widget-heading .elementor-heading-title[class*=elementor-size-]>a{color:inherit;font-size:inherit;line-height:inherit}.elementor-widget-heading .elementor-heading-title.elementor-size-small{font-size:15px}.elementor-widget-heading .elementor-heading-title.elementor-size-medium{font-size:19px}.elementor-widget-heading .elementor-heading-title.elementor-size-large{font-size:29px}.elementor-widget-heading .elementor-heading-title.elementor-size-xl{font-size:39px}.elementor-widget-heading .elementor-heading-title.elementor-size-xxl{font-size:59px}<\/style><\/p>\n\n\n\n<h1 class=\"wp-block-heading alignfull has-text-align-center\"><strong>SALESFORCE &amp; IT-L\u00d6SUNGEN F\u00dcR START-UPS<\/strong><\/h1>\n\n\n\n<div class=\"wp-block-columns alignwide is-layout-flex wp-container-core-columns-is-layout-9d6595d7 wp-block-columns-is-layout-flex\">\n<div class=\"wp-block-column is-vertically-aligned-center is-layout-flow wp-block-column-is-layout-flow\">\n<p><strong>Flexibel, skalierbar und effizient \u2013 Technologie f\u00fcr den Erfolg von Start-ups.<\/strong><\/p>\n\n\n\n<p>Start-ups stehen vor einzigartigen Herausforderungen: begrenzte Ressourcen, schnelle Wachstumsphasen und die Notwendigkeit, sich flexibel an neue Gegebenheiten anzupassen. Mit unseren Salesforce- und IT-L\u00f6sungen bieten wir Ihnen die Werkzeuge, die Sie ben\u00f6tigen, um effizient zu starten, nahtlos zu wachsen und langfristig erfolgreich zu sein.<\/p>\n<\/div>\n\n\n\n<div class=\"wp-block-column is-vertically-aligned-top is-layout-flow wp-block-column-is-layout-flow\">\n<figure class=\"wp-block-image size-large is-style-default\"><img fetchpriority=\"high\" decoding=\"async\" width=\"1024\" height=\"1024\" src=\"https:\/\/sync-tech.de\/wp-content\/uploads\/2024\/01\/Team-pana-1024x1024.png\" alt=\"\" class=\"wp-image-4832\" style=\"object-fit:cover\" srcset=\"https:\/\/sync-tech.de\/wp-content\/uploads\/2024\/01\/Team-pana-1024x1024.png 1024w, https:\/\/sync-tech.de\/wp-content\/uploads\/2024\/01\/Team-pana-300x300.png 300w, https:\/\/sync-tech.de\/wp-content\/uploads\/2024\/01\/Team-pana-150x150.png 150w, https:\/\/sync-tech.de\/wp-content\/uploads\/2024\/01\/Team-pana-768x768.png 768w, https:\/\/sync-tech.de\/wp-content\/uploads\/2024\/01\/Team-pana-1536x1536.png 1536w, https:\/\/sync-tech.de\/wp-content\/uploads\/2024\/01\/Team-pana-12x12.png 12w, https:\/\/sync-tech.de\/wp-content\/uploads\/2024\/01\/Team-pana-96x96.png 96w, https:\/\/sync-tech.de\/wp-content\/uploads\/2024\/01\/Team-pana.png 2000w\" sizes=\"(max-width: 1024px) 100vw, 1024px\" \/><\/figure>\n<\/div>\n<\/div>\n\n\n\n<h3 class=\"wp-block-heading\"><strong>Warum Salesforce &amp; IT-L\u00f6sungen f\u00fcr Start-ups?<\/strong><\/h3>\n\n\n\n<ul class=\"wp-block-list\">\n<li><strong>Schnelle Bereitstellung:<\/strong> Innerhalb von <strong>48 Stunden<\/strong> startklar \u2013 f\u00fcr direkte Ergebnisse.<\/li>\n\n\n\n<li><strong>Skalierbare Technologien:<\/strong> Unsere L\u00f6sungen wachsen mit Ihrem Unternehmen und passen sich neuen Anforderungen an.<\/li>\n\n\n\n<li><strong>Maximale Effizienz:<\/strong> Nutzen Sie Salesforce, um Prozesse zu automatisieren und sich auf das Wesentliche zu konzentrieren.<\/li>\n\n\n\n<li><strong>IT-Support inklusive:<\/strong> Proaktiver Service, damit Sie sich auf Ihr Wachstum konzentrieren k\u00f6nnen.<\/li>\n<\/ul>\n\n\n\n<p><a href=\"https:\/\/sync-tech.de\/kontakt\/\"><br>Jetzt mehr erfahren<br><\/a><style>\/*! elementor - v3.18.0 - 20-12-2023 *\/&amp;amp;lt;br \/>&amp;lt;br>.elementor-widget-image{text-align:center}.elementor-widget-image a{display:inline-block}.elementor-widget-image a img[src$=\".svg\"]{width:48px}.elementor-widget-image img{vertical-align:middle;display:inline-block}<\/style><\/p>\n\n\n\n<hr class=\"wp-block-separator has-alpha-channel-opacity\"\/>\n\n\n\n<div style=\"height:100px\" aria-hidden=\"true\" class=\"wp-block-spacer\"><\/div>\n\n\n\n<h3 class=\"wp-block-heading\"><strong>Warum Salesforce &amp; IT-L\u00f6sungen f\u00fcr Start-ups?<\/strong><\/h3>\n\n\n\n<ul class=\"wp-block-list\">\n<li><strong>Schnelle Bereitstellung:<\/strong> Innerhalb von <strong>48 Stunden<\/strong> startklar \u2013 f\u00fcr direkte Ergebnisse.<\/li>\n\n\n\n<li><strong>Skalierbare Technologien:<\/strong> Unsere L\u00f6sungen wachsen mit Ihrem Unternehmen und passen sich neuen Anforderungen an.<\/li>\n\n\n\n<li><strong>Maximale Effizienz:<\/strong> Nutzen Sie Salesforce, um Prozesse zu automatisieren und sich auf das Wesentliche zu konzentrieren.<\/li>\n\n\n\n<li><strong>IT-Support inklusive:<\/strong> Proaktiver Service, damit Sie sich auf Ihr Wachstum konzentrieren k\u00f6nnen.<\/li>\n<\/ul>\n\n\n\n<hr class=\"wp-block-separator has-alpha-channel-opacity\"\/>\n\n\n\n<div style=\"height:100px\" aria-hidden=\"true\" class=\"wp-block-spacer\"><\/div>\n\n\n\n<h3 class=\"wp-block-heading\"><strong>Ihre Vorteile im \u00dcberblick<\/strong><\/h3>\n\n\n\n<div class=\"wp-block-group is-layout-grid wp-container-core-group-is-layout-9649a0d9 wp-block-group-is-layout-grid\">\n<p><strong>Ressourcen sparen:<\/strong> Automatisierung und einfache Handhabung reduzieren den Zeit und Kostenaufwand.<\/p>\n\n\n\n<p><strong>Effizienz vom Start an<\/strong>: Wir helfen Start-ups, das volle Potenzial von Salesforce sofort zu nutzen.<\/p>\n\n\n\n<p><strong>Flexible Anpassung:<\/strong> Ma\u00dfgeschneiderte L\u00f6sungen, die perfekt auf Ihre Branche und Ihre Ziele abgestimmt sind.<\/p>\n\n\n\n<p><strong>Skalierbare Plattform:<\/strong> Salesforce w\u00e4chst mit Ihrem Gesch\u00e4ft. Ideal f\u00fcr jede Phase Ihres Unternehmens.<\/p>\n<\/div>\n\n\n\n<div style=\"height:100px\" aria-hidden=\"true\" class=\"wp-block-spacer\"><\/div>\n\n\n\n<h3 class=\"wp-block-heading\"><strong>Starten Sie jetzt \u2013 Ihre Technologie f\u00fcr Erfolg<\/strong><\/h3>\n\n\n\n<p><strong>Effizienz und Wachstum f\u00fcr Start-ups \u2013 ab 499 \u20ac monatlich.<\/strong><\/p>\n\n\n\n<p>Mit einer transparenten Preisstruktur, <strong>keinen Implementierungskosten<\/strong> und einem flexiblen Support-Paket ist unser Angebot ideal f\u00fcr Start-ups, die schnell und kosteneffizient starten m\u00f6chten.<\/p>\n\n\n\n<div class=\"wp-block-buttons is-layout-flex wp-block-buttons-is-layout-flex\">\n<div class=\"wp-block-button\"><a class=\"wp-block-button__link wp-element-button\" href=\"https:\/\/sync-tech.de\/kontakt\/\">Kontaktieren Sie uns<\/a><\/div>\n<\/div>\n\n\n\n<p><\/p>\n","protected":false},"excerpt":{"rendered":"<p>SALESFORCE &amp; IT-L\u00d6SUNGEN F\u00dcR START-UPS Flexibel, skalierbar und effizient \u2013 Technologie f\u00fcr den Erfolg von Start-ups. Start-ups stehen vor einzigartigen Herausforderungen: begrenzte Ressourcen, schnelle Wachstumsphasen und die Notwendigkeit, sich flexibel an neue Gegebenheiten anzupassen. Mit unseren Salesforce- und IT-L\u00f6sungen bieten wir Ihnen die Werkzeuge, die Sie ben\u00f6tigen, um effizient zu starten, nahtlos zu wachsen und [&hellip;]<\/p>\n","protected":false},"author":1,"featured_media":0,"parent":0,"menu_order":0,"comment_status":"closed","ping_status":"closed","template":"","meta":{"footnotes":""},"class_list":["post-5323","page","type-page","status-publish","hentry"],"_links":{"self":[{"href":"https:\/\/sync-tech.de\/en\/wp-json\/wp\/v2\/pages\/5323","targetHints":{"allow":["GET"]}}],"collection":[{"href":"https:\/\/sync-tech.de\/en\/wp-json\/wp\/v2\/pages"}],"about":[{"href":"https:\/\/sync-tech.de\/en\/wp-json\/wp\/v2\/types\/page"}],"author":[{"embeddable":true,"href":"https:\/\/sync-tech.de\/en\/wp-json\/wp\/v2\/users\/1"}],"replies":[{"embeddable":true,"href":"https:\/\/sync-tech.de\/en\/wp-json\/wp\/v2\/comments?post=5323"}],"version-history":[{"count":6,"href":"https:\/\/sync-tech.de\/en\/wp-json\/wp\/v2\/pages\/5323\/revisions"}],"predecessor-version":[{"id":5329,"href":"https:\/\/sync-tech.de\/en\/wp-json\/wp\/v2\/pages\/5323\/revisions\/5329"}],"wp:attachment":[{"href":"https:\/\/sync-tech.de\/en\/wp-json\/wp\/v2\/media?parent=5323"}],"curies":[{"name":"wp","href":"https:\/\/api.w.org\/{rel}","templated":true}]}}